{"id":209,"date":"2024-05-08T08:04:54","date_gmt":"2024-05-08T08:04:54","guid":{"rendered":"https:\/\/seebode.kmuu.de\/?page_id=209"},"modified":"2026-01-12T13:46:11","modified_gmt":"2026-01-12T13:46:11","slug":"impressum","status":"publish","type":"page","link":"https:\/\/hausarzt-wst.de\/?page_id=209","title":{"rendered":"Impressum"},"content":{"rendered":"\n<div class=\"wp-block-group has-global-padding is-layout-constrained wp-block-group-is-layout-constrained\">\n<p><strong>Hausarztpraxis Schillerstra\u00dfe<\/strong><\/p>\n\n\n\n<p>Dr. med Markus H\u00e4rter &#8211; Facharzt f\u00fcr Innere Medizin, Palliativmedizin, Notfallmedizin, Betriebsmedizin, Ern\u00e4hrungsmedizin<br>Dr. med Meike Niemann-Bruns (angest. \u00c4rztin) &#8211; Fach\u00e4rztin f\u00fcr Allgemeinmedizin<br>Dr. rer. nat. Sina M\u00f6hlmann (angest. \u00c4rztin) &#8211; Fach\u00e4rztin f\u00fcr Allgemeinmedizin<br>Sarah Heydorn (angest. \u00c4rztin) &#8211; Fach\u00e4rztin f\u00fcr Allgemeinmedizin<br>                                                                                                                                                                                        <\/p>\n<\/div>\n\n\n\n<p>Schillerstra\u00dfe 6<br>26655 Westerstede<br><em>barrierefreier Eingang<\/em><\/p>\n\n\n\n<p>Tel.:&nbsp;<a href=\"tel:+4944882653\">04488\/2653<br><\/a>Fax: 04488\/73317<\/p>\n\n\n\n<p>Mail:&nbsp;<a href=\"mailto:hausarztpraxis.wst@ewe.net\">hausarztpraxis.wst@ewe.net<\/a><\/p>\n\n\n\n<div class=\"wp-block-group has-global-padding is-layout-constrained wp-block-group-is-layout-constrained\">\n<h4 class=\"wp-block-heading\"><strong>Aufsichtsbeh\u00f6rde<\/strong><\/h4>\n\n\n\n<p>Die Berufsbezeichnung \u201eArzt\u201c wurde uns in Deutschland verliehen. Zust\u00e4ndige Aufsichtsbeh\u00f6rden dieser Praxis:<\/p>\n\n\n\n<ul class=\"wp-block-list\">\n<li>\u00c4rztekammer Niedersachsen (<a href=\"https:\/\/www.aekn.de\/\">www.aekn.de<\/a>), dort steht die Berufsordnung zur Ansicht bzw. Download bereit<\/li>\n\n\n\n<li>Kassen\u00e4rztliche Vereinigung Niedersachsen (<a href=\"https:\/\/www.kvn.de\/\">www.kvn.de<\/a>)<\/li>\n<\/ul>\n<\/div>\n","protected":false},"excerpt":{"rendered":"<p>Hausarztpraxis Schillerstra\u00dfe Dr. med Markus H\u00e4rter &#8211; Facharzt f\u00fcr Innere Medizin, Palliativmedizin, Notfallmedizin, Betriebsmedizin, Ern\u00e4hrungsmedizinDr. med Meike Niemann-Bruns (angest. \u00c4rztin) &#8211; Fach\u00e4rztin f\u00fcr AllgemeinmedizinDr. rer. nat. Sina M\u00f6hlmann (angest. \u00c4rztin) &#8211; Fach\u00e4rztin f\u00fcr AllgemeinmedizinSarah Heydorn (angest. \u00c4rztin) &#8211; Fach\u00e4rztin f\u00fcr Allgemeinmedizin Schillerstra\u00dfe 626655 Westerstedebarrierefreier Eingang Tel.:&nbsp;04488\/2653Fax: 04488\/73317 Mail:&nbsp;hausarztpraxis.wst@ewe.net Aufsichtsbeh\u00f6rde Die Berufsbezeichnung \u201eArzt\u201c wurde uns in [&hellip;]<\/p>\n","protected":false},"author":1,"featured_media":0,"parent":0,"menu_order":0,"comment_status":"closed","ping_status":"closed","template":"","meta":{"footnotes":""},"class_list":["post-209","page","type-page","status-publish","hentry"],"_links":{"self":[{"href":"https:\/\/hausarzt-wst.de\/index.php?rest_route=\/wp\/v2\/pages\/209","targetHints":{"allow":["GET"]}}],"collection":[{"href":"https:\/\/hausarzt-wst.de\/index.php?rest_route=\/wp\/v2\/pages"}],"about":[{"href":"https:\/\/hausarzt-wst.de\/index.php?rest_route=\/wp\/v2\/types\/page"}],"author":[{"embeddable":true,"href":"https:\/\/hausarzt-wst.de\/index.php?rest_route=\/wp\/v2\/users\/1"}],"replies":[{"embeddable":true,"href":"https:\/\/hausarzt-wst.de\/index.php?rest_route=%2Fwp%2Fv2%2Fcomments&post=209"}],"version-history":[{"count":5,"href":"https:\/\/hausarzt-wst.de\/index.php?rest_route=\/wp\/v2\/pages\/209\/revisions"}],"predecessor-version":[{"id":359,"href":"https:\/\/hausarzt-wst.de\/index.php?rest_route=\/wp\/v2\/pages\/209\/revisions\/359"}],"wp:attachment":[{"href":"https:\/\/hausarzt-wst.de\/index.php?rest_route=%2Fwp%2Fv2%2Fmedia&parent=209"}],"curies":[{"name":"wp","href":"https:\/\/api.w.org\/{rel}","templated":true}]}}